{"id":25,"date":"2023-07-23T14:37:41","date_gmt":"2023-07-23T14:37:41","guid":{"rendered":"https:\/\/termiks.com.mx\/?page_id=25"},"modified":"2023-07-23T21:54:14","modified_gmt":"2023-07-23T21:54:14","slug":"inicio","status":"publish","type":"page","link":"https:\/\/termiks.com.mx\/","title":{"rendered":"INICIO"},"content":{"rendered":"\t\t<div data-elementor-type=\"wp-page\" data-elementor-id=\"25\" class=\"elementor elementor-25\">\n\t\t\t\t\t\t<section class=\"elementor-section elementor-top-section elementor-element elementor-element-f8c8603 elementor-section-full_width elementor-section-height-full elementor-section-height-default elementor-section-items-middle\" data-id=\"f8c8603\" data-element_type=\"section\" data-e-type=\"section\" data-settings=\"{&quot;background_background&quot;:&quot;classic&quot;}\">\n\t\t\t\t\t\t\t<div class=\"elementor-background-overlay\"><\/div>\n\t\t\t\t\t\t\t<div class=\"elementor-container elementor-column-gap-default\">\n\t\t\t\t\t<div class=\"elementor-column elementor-col-100 elementor-top-column elementor-element elementor-element-ac58c15\" data-id=\"ac58c15\" data-element_type=\"column\" data-e-type=\"column\">\n\t\t\t<div class=\"elementor-widget-wrap elementor-element-populated\">\n\t\t\t\t\t\t<div class=\"elementor-element elementor-element-66e6211 elementor-widget elementor-widget-heading\" data-id=\"66e6211\" data-element_type=\"widget\" data-e-type=\"widget\" data-widget_type=\"heading.default\">\n\t\t\t\t<div class=\"elementor-widget-container\">\n\t\t\t\t\t<h2 class=\"elementor-heading-title elementor-size-default\">La marca TERMIKS fue fundada en M\u00e9xico en 2022 en el Estado de M\u00e9xico<\/h2>\t\t\t\t<\/div>\n\t\t\t\t<\/div>\n\t\t\t\t<div class=\"elementor-element elementor-element-6df75c6 elementor-widget elementor-widget-text-editor\" data-id=\"6df75c6\" data-element_type=\"widget\" data-e-type=\"widget\" data-widget_type=\"text-editor.default\">\n\t\t\t\t<div class=\"elementor-widget-container\">\n\t\t\t\t\t\t\t\t\t<p>Nuestros productos son el resultado de una b\u00fasqueda responsable, cuyo compromiso es llevar a los clientes un producto de calidad y buena presentaci\u00f3n a un precio justo.<\/p><p>Las micas <strong>TERMIKS<\/strong> cuentan con la cantidad ideal de PET y EVA para lograr un acabado satisfactorio, libre de inclusiones, impurezas o burbujas; el pl\u00e1stico se adhiere al sustrato con un alto nivel de transparencia, su desempe\u00f1o en m\u00e1quina es eficiente. Las micas se pueden utilizar sin acarreador, nuestras cajas de mica incluyen acarreador, se recomienda para protecci\u00f3n de su equipo y documento durante su uso.<\/p>\t\t\t\t\t\t\t\t<\/div>\n\t\t\t\t<\/div>\n\t\t\t\t\t<\/div>\n\t\t<\/div>\n\t\t\t\t\t<\/div>\n\t\t<\/section>\n\t\t\t\t<\/div>\n\t\t","protected":false},"excerpt":{"rendered":"<p>La marca TERMIKS fue fundada en M\u00e9xico en 2022 en el Estado de M\u00e9xico Nuestros productos son el resultado de una b\u00fasqueda responsable, cuyo compromiso es llevar a los clientes un producto de calidad y buena presentaci\u00f3n a un precio justo. Las micas TERMIKS cuentan con la cantidad ideal de PET y EVA para lograr [&hellip;]<\/p>\n","protected":false},"author":1,"featured_media":0,"parent":0,"menu_order":0,"comment_status":"closed","ping_status":"closed","template":"elementor_canvas","meta":{"footnotes":""},"class_list":["post-25","page","type-page","status-publish","hentry"],"_links":{"self":[{"href":"https:\/\/termiks.com.mx\/index.php\/wp-json\/wp\/v2\/pages\/25","targetHints":{"allow":["GET"]}}],"collection":[{"href":"https:\/\/termiks.com.mx\/index.php\/wp-json\/wp\/v2\/pages"}],"about":[{"href":"https:\/\/termiks.com.mx\/index.php\/wp-json\/wp\/v2\/types\/page"}],"author":[{"embeddable":true,"href":"https:\/\/termiks.com.mx\/index.php\/wp-json\/wp\/v2\/users\/1"}],"replies":[{"embeddable":true,"href":"https:\/\/termiks.com.mx\/index.php\/wp-json\/wp\/v2\/comments?post=25"}],"version-history":[{"count":25,"href":"https:\/\/termiks.com.mx\/index.php\/wp-json\/wp\/v2\/pages\/25\/revisions"}],"predecessor-version":[{"id":74,"href":"https:\/\/termiks.com.mx\/index.php\/wp-json\/wp\/v2\/pages\/25\/revisions\/74"}],"wp:attachment":[{"href":"https:\/\/termiks.com.mx\/index.php\/wp-json\/wp\/v2\/media?parent=25"}],"curies":[{"name":"wp","href":"https:\/\/api.w.org\/{rel}","templated":true}]}}